{"id":25,"date":"2021-11-23T17:58:02","date_gmt":"2021-11-23T22:58:02","guid":{"rendered":"http:\/\/corporacionmirianstvradio.com\/?page_id=25"},"modified":"2026-04-10T17:05:29","modified_gmt":"2026-04-10T22:05:29","slug":"quienes-somos","status":"publish","type":"page","link":"https:\/\/norte\u00f1afm.com\/?page_id=25","title":{"rendered":"C\u00f3digo de \u00c9tica"},"content":{"rendered":"<p style=\"text-align: left;\">El C\u00f3digo de \u00c9tica de Radio Norte\u00f1a FM establece los principios fundamentales que<br \/>\ngu\u00edan nuestras operaciones diarias como medio de comunicaci\u00f3n.<br \/>\nPre\u00e1mbulo<br \/>\nEste C\u00f3digo de \u00c9tica tiene como objetivo garantizar el respeto a los derechos de las<br \/>\npersonas a expresarse libremente y a recibir informaci\u00f3n veraz, en cumplimiento con la<br \/>\nLey Org\u00e1nica de Comunicaci\u00f3n del Ecuador.<br \/>\nPrincipios<br \/>\n1. Veracidad y Precisi\u00f3n<br \/>\nNos comprometemos a transmitir informaci\u00f3n precisa y veraz, estableciendo criterios<br \/>\nclaros para la investigaci\u00f3n, verificaci\u00f3n y presentaci\u00f3n de los hechos.<br \/>\n2. L\u00ednea Editorial<br \/>\nDefinimos nuestra l\u00ednea editorial de acuerdo con los valores y principios que regulan<br \/>\nnuestro ejercicio, promoviendo el inter\u00e9s p\u00fablico y la transparencia.<br \/>\n3. Confidencialidad de Fuentes<br \/>\nMantenemos la reserva y confidencialidad de nuestras fuentes, garantizando su<br \/>\nprotecci\u00f3n y seguridad.<br \/>\n4. Responsabilidad Social<br \/>\nFomentamos la responsabilidad social, el respeto por los valores democr\u00e1ticos y la<br \/>\npromoci\u00f3n de los derechos humanos en todas nuestras publicaciones.<br \/>\n5. Derecho de R\u00e9plica<br \/>\nReconocemos el derecho de r\u00e9plica y rectificaci\u00f3n de informaci\u00f3n inexacta o perjudicial<br \/>\npara la reputaci\u00f3n de las personas afectadas, asegurando un espacio para su respuesta.<br \/>\n6. Protecci\u00f3n de Grupos Vulnerables<br \/>\nNos comprometemos a proteger a ni\u00f1os, ni\u00f1as, adolescentes y grupos vulnerables,<br \/>\nestableciendo normas que garanticen el respeto de sus derechos y eviten cualquier<br \/>\nforma de discriminaci\u00f3n.<br \/>\nConclusi\u00f3n<br \/>\nEste C\u00f3digo de \u00c9tica es un compromiso inquebrantable con la verdad, la responsabilidad social<br \/>\ny el respeto a los derechos humanos, orientado a construir una sociedad m\u00e1s justa y equitativa.<\/p>\n","protected":false},"excerpt":{"rendered":"<p>El C\u00f3digo de \u00c9tica de Radio Norte\u00f1a FM establece los principios fundamentales que gu\u00edan nuestras operaciones diarias como medio de comunicaci\u00f3n. Pre\u00e1mbulo Este C\u00f3digo de \u00c9tica tiene como objetivo garantizar el respeto a los derechos de las personas a expresarse &#8230; <a class=\"more-link\" href=\"https:\/\/norte\u00f1afm.com\/?page_id=25\">Read More &raquo;<\/a><\/p>\n","protected":false},"author":1,"featured_media":0,"parent":0,"menu_order":0,"comment_status":"closed","ping_status":"closed","template":"","meta":{"footnotes":""},"class_list":["post-25","page","type-page","status-publish","hentry"],"_links":{"self":[{"href":"https:\/\/norte\u00f1afm.com\/index.php?rest_route=\/wp\/v2\/pages\/25","targetHints":{"allow":["GET"]}}],"collection":[{"href":"https:\/\/norte\u00f1afm.com\/index.php?rest_route=\/wp\/v2\/pages"}],"about":[{"href":"https:\/\/norte\u00f1afm.com\/index.php?rest_route=\/wp\/v2\/types\/page"}],"author":[{"embeddable":true,"href":"https:\/\/norte\u00f1afm.com\/index.php?rest_route=\/wp\/v2\/users\/1"}],"replies":[{"embeddable":true,"href":"https:\/\/norte\u00f1afm.com\/index.php?rest_route=%2Fwp%2Fv2%2Fcomments&post=25"}],"version-history":[{"count":5,"href":"https:\/\/norte\u00f1afm.com\/index.php?rest_route=\/wp\/v2\/pages\/25\/revisions"}],"predecessor-version":[{"id":193,"href":"https:\/\/norte\u00f1afm.com\/index.php?rest_route=\/wp\/v2\/pages\/25\/revisions\/193"}],"wp:attachment":[{"href":"https:\/\/norte\u00f1afm.com\/index.php?rest_route=%2Fwp%2Fv2%2Fmedia&parent=25"}],"curies":[{"name":"wp","href":"https:\/\/api.w.org\/{rel}","templated":true}]}}